{"id":1065,"date":"2024-11-07T21:58:49","date_gmt":"2024-11-07T21:58:49","guid":{"rendered":"https:\/\/termontmetal.si\/?page_id=1065"},"modified":"2024-11-08T11:05:55","modified_gmt":"2024-11-08T11:05:55","slug":"raziskovalno-razvojni-projekti","status":"publish","type":"page","link":"https:\/\/termontmetal.si\/de\/raziskovalno-razvojni-projekti\/","title":{"rendered":"Forschungs- und Entwicklungsprojekte"},"content":{"rendered":"<div data-elementor-type=\"wp-page\" data-elementor-id=\"1065\" class=\"elementor elementor-1065\" data-elementor-post-type=\"page\">\n\t\t\t\t\t\t<section class=\"elementor-section elementor-top-section elementor-element elementor-element-70ed27a elementor-section-height-min-height elementor-section-boxed elementor-section-height-default elementor-section-items-middle\" data-id=\"70ed27a\" data-element_type=\"section\" data-e-type=\"section\" data-settings=\"{&quot;background_background&quot;:&quot;classic&quot;}\">\n\t\t\t\t\t\t\t<div class=\"elementor-background-overlay\"><\/div>\n\t\t\t\t\t\t\t<div class=\"elementor-container elementor-column-gap-default\">\n\t\t\t\t\t<div class=\"elementor-column elementor-col-100 elementor-top-column elementor-element elementor-element-446e77b\" data-id=\"446e77b\" data-element_type=\"column\" data-e-type=\"column\">\n\t\t\t<div class=\"elementor-widget-wrap elementor-element-populated\">\n\t\t\t\t\t\t<div class=\"elementor-element elementor-element-656046a elementor-widget elementor-widget-heading\" data-id=\"656046a\" data-element_type=\"widget\" data-e-type=\"widget\" data-widget_type=\"heading.default\">\n\t\t\t\t<div class=\"elementor-widget-container\">\n\t\t\t\t\t<h1 class=\"elementor-heading-title elementor-size-default\">Forschungs- und Entwicklungsprojekte zur Behebung der Auswirkungen von COVID-19<\/h1>\t\t\t\t<\/div>\n\t\t\t\t<\/div>\n\t\t\t\t\t<\/div>\n\t\t<\/div>\n\t\t\t\t\t<\/div>\n\t\t<\/section>\n\t\t\t\t<section class=\"elementor-section elementor-top-section elementor-element elementor-element-03a6e38 elementor-section-boxed elementor-section-height-default elementor-section-height-default\" data-id=\"03a6e38\" data-element_type=\"section\" data-e-type=\"section\">\n\t\t\t\t\t\t<div class=\"elementor-container elementor-column-gap-default\">\n\t\t\t\t\t<div class=\"elementor-column elementor-col-50 elementor-top-column elementor-element elementor-element-f99a54c\" data-id=\"f99a54c\" data-element_type=\"column\" data-e-type=\"column\">\n\t\t\t<div class=\"elementor-widget-wrap elementor-element-populated\">\n\t\t\t\t\t\t<div class=\"elementor-element elementor-element-6921a5e elementor-view-stacked elementor-shape-square elementor-widget elementor-widget-icon\" data-id=\"6921a5e\" data-element_type=\"widget\" data-e-type=\"widget\" data-widget_type=\"icon.default\">\n\t\t\t\t<div class=\"elementor-widget-container\">\n\t\t\t\t\t\t\t<div class=\"elementor-icon-wrapper\">\n\t\t\t<div class=\"elementor-icon\">\n\t\t\t<i aria-hidden=\"true\" class=\"fas fa-head-side-mask\"><\/i>\t\t\t<\/div>\n\t\t<\/div>\n\t\t\t\t\t\t<\/div>\n\t\t\t\t<\/div>\n\t\t\t\t\t<\/div>\n\t\t<\/div>\n\t\t\t\t<div class=\"elementor-column elementor-col-50 elementor-top-column elementor-element elementor-element-67c4af1\" data-id=\"67c4af1\" data-element_type=\"column\" data-e-type=\"column\">\n\t\t\t<div class=\"elementor-widget-wrap elementor-element-populated\">\n\t\t\t\t\t\t<div class=\"elementor-element elementor-element-021b337 elementor-widget elementor-widget-heading\" data-id=\"021b337\" data-element_type=\"widget\" data-e-type=\"widget\" data-widget_type=\"heading.default\">\n\t\t\t\t<div class=\"elementor-widget-container\">\n\t\t\t\t\t<h2 class=\"elementor-heading-title elementor-size-default\">DESINFEKTOR 007<\/h2>\t\t\t\t<\/div>\n\t\t\t\t<\/div>\n\t\t\t\t<div class=\"elementor-element elementor-element-a0559b7 elementor-widget elementor-widget-image\" data-id=\"a0559b7\" data-element_type=\"widget\" data-e-type=\"widget\" data-widget_type=\"image.default\">\n\t\t\t\t<div class=\"elementor-widget-container\">\n\t\t\t\t\t\t\t\t\t\t\t\t\t\t\t<img fetchpriority=\"high\" decoding=\"async\" width=\"1000\" height=\"459\" src=\"https:\/\/termontmetal.si\/wp-content\/uploads\/2024\/11\/termontmetal-dezinfektor.jpg\" class=\"attachment-large size-large wp-image-1103\" alt=\"Termont Metal -preoblikovanje kovin\" srcset=\"https:\/\/termontmetal.si\/wp-content\/uploads\/2024\/11\/termontmetal-dezinfektor.jpg 1000w, https:\/\/termontmetal.si\/wp-content\/uploads\/2024\/11\/termontmetal-dezinfektor-300x138.jpg 300w, https:\/\/termontmetal.si\/wp-content\/uploads\/2024\/11\/termontmetal-dezinfektor-768x353.jpg 768w\" sizes=\"(max-width: 1000px) 100vw, 1000px\" \/>\t\t\t\t\t\t\t\t\t\t\t\t\t\t\t<\/div>\n\t\t\t\t<\/div>\n\t\t\t\t<div class=\"elementor-element elementor-element-b3d59b4 elementor-widget elementor-widget-heading\" data-id=\"b3d59b4\" data-element_type=\"widget\" data-e-type=\"widget\" data-widget_type=\"heading.default\">\n\t\t\t\t<div class=\"elementor-widget-container\">\n\t\t\t\t\t<p class=\"elementor-heading-title elementor-size-default\">Die Investition wird von der Europ\u00e4ischen Union aus dem Europ\u00e4ischen Fonds f\u00fcr regionale Entwicklung, dem Ministerium f\u00fcr wirtschaftliche Entwicklung und Technologie und SPIRIT Slovenia, einer \u00f6ffentlichen Einrichtung, kofinanziert. Die Ma\u00dfnahme wurde im Rahmen der \u00f6ffentlichen Aufforderung zur Einreichung von Vorschl\u00e4gen - \"Entwicklungs- und Forschungsprojekte zur Beseitigung der Folgen von COVID-19\" - f\u00fcr eine Kofinanzierung ausgew\u00e4hlt.\t\n<\/p>\t\t\t\t<\/div>\n\t\t\t\t<\/div>\n\t\t\t\t<div class=\"elementor-element elementor-element-4d3b640 elementor-widget elementor-widget-text-editor\" data-id=\"4d3b640\" data-element_type=\"widget\" data-e-type=\"widget\" data-widget_type=\"text-editor.default\">\n\t\t\t\t<div class=\"elementor-widget-container\">\n\t\t\t\t\t\t\t\t\t<p><strong>Name des Projekts:<\/strong> Gang f\u00fcr K\u00f6rperdesinfektion<\/p><p><strong>Akronym des Projekts:<\/strong> DESINFEKTOR 007<\/p><p><strong>Projektwert:<\/strong> 164 546,54 EUR<\/p><p><strong>H\u00f6he der Kofinanzierung:<\/strong> 164.546,54 \u20ac<\/p><p>(Etra \u20ac107.773,54 + Termont Metall \u20ac56.773)<\/p><p><strong>Beschreibung des Vorgangs:<\/strong> Der Personal Disinfection Aisle oder Disinfector 007 ist ein automatisches Ger\u00e4t zum Auftragen von Desinfektionsmitteln auf Kleidung und Schuhe w\u00e4hrend des Durchgangs einer Person.<\/p><p><strong>Zweck der Ma\u00dfnahme:<\/strong> Tragen Sie dazu bei, die Ausbreitung der Covid-19-Infektion einzud\u00e4mmen, indem Sie die unkontrollierte \u00dcbertragung des Virus durch Kleidung und Haut auf andere verhindern.<\/p><p><strong>Ziel des Vorhabens ist es, ein effizientes, zuverl\u00e4ssiges, sicheres und vertrauensw\u00fcrdiges 100% Desinfektionsger\u00e4t 007 mit allen Nachr\u00fcstungen zu entwerfen, zu entwickeln und herzustellen. Ein weiteres Ziel des Vorhabens ist es:<\/strong><\/p><ul><li>die eine lange Lebensdauer des Produkts gew\u00e4hrleisten,<\/li><li>minimale Serviceeins\u00e4tze,<\/li><li>das Produkt f\u00fcr den Markt kosteng\u00fcnstig ist,<\/li><li>mit geringen Betriebskosten f\u00fcr den Kunden zu arbeiten,<\/li><li>um einen minimalen Energieverbrauch und maximale Effizienz zu gew\u00e4hrleisten,<\/li><li>um die Nutzung f\u00fcr die Benutzer zu erleichtern,<\/li><li>leicht einzurichten.<\/li><\/ul><p>Das Ziel der Aktion ist der Verkauf von Disinfector 007<\/p>\t\t\t\t\t\t\t\t<\/div>\n\t\t\t\t<\/div>\n\t\t\t\t<section class=\"elementor-section elementor-inner-section elementor-element elementor-element-d34b4e0 elementor-section-boxed elementor-section-height-default elementor-section-height-default\" data-id=\"d34b4e0\" data-element_type=\"section\" data-e-type=\"section\">\n\t\t\t\t\t\t<div class=\"elementor-container elementor-column-gap-default\">\n\t\t\t\t\t<div class=\"elementor-column elementor-col-50 elementor-inner-column elementor-element elementor-element-50a1832\" data-id=\"50a1832\" data-element_type=\"column\" data-e-type=\"column\">\n\t\t\t<div class=\"elementor-widget-wrap\">\n\t\t\t\t\t\t\t<\/div>\n\t\t<\/div>\n\t\t\t\t<div class=\"elementor-column elementor-col-50 elementor-inner-column elementor-element elementor-element-bb8fa72\" data-id=\"bb8fa72\" data-element_type=\"column\" data-e-type=\"column\">\n\t\t\t<div class=\"elementor-widget-wrap elementor-element-populated\">\n\t\t\t\t\t\t<div class=\"elementor-element elementor-element-7f703b9 elementor-widget elementor-widget-image\" data-id=\"7f703b9\" data-element_type=\"widget\" data-e-type=\"widget\" data-widget_type=\"image.default\">\n\t\t\t\t<div class=\"elementor-widget-container\">\n\t\t\t\t\t\t\t\t\t\t\t\t\t\t\t<img decoding=\"async\" width=\"1024\" height=\"178\" src=\"https:\/\/termontmetal.si\/wp-content\/uploads\/2024\/11\/logotip-sofinanciranje.jpg\" class=\"attachment-large size-large wp-image-1104\" alt=\"Termont Metal sofinanciranje\" srcset=\"https:\/\/termontmetal.si\/wp-content\/uploads\/2024\/11\/logotip-sofinanciranje.jpg 1024w, https:\/\/termontmetal.si\/wp-content\/uploads\/2024\/11\/logotip-sofinanciranje-300x52.jpg 300w, https:\/\/termontmetal.si\/wp-content\/uploads\/2024\/11\/logotip-sofinanciranje-768x134.jpg 768w\" sizes=\"(max-width: 1024px) 100vw, 1024px\" \/>\t\t\t\t\t\t\t\t\t\t\t\t\t\t\t<\/div>\n\t\t\t\t<\/div>\n\t\t\t\t\t<\/div>\n\t\t<\/div>\n\t\t\t\t\t<\/div>\n\t\t<\/section>\n\t\t\t\t\t<\/div>\n\t\t<\/div>\n\t\t\t\t\t<\/div>\n\t\t<\/section>\n\t\t\t\t<\/div>","protected":false},"excerpt":{"rendered":"<p>Forschungs- und Entwicklungsprojekte zur Behebung der Folgen von COVID-19 DEZINFEKTOR 007 Die Investition wird von der Europ\u00e4ischen Union aus dem Europ\u00e4ischen Fonds f\u00fcr regionale Entwicklung, dem Ministerium f\u00fcr wirtschaftliche Entwicklung und Technologie und der \u00f6ffentlichen Agentur SPIRIT Slovenia kofinanziert. Das Vorhaben wurde im Rahmen der Aufforderung zur Einreichung von Vorschl\u00e4gen - \"Entwicklungs- und Forschungsprojekte zur Beseitigung der Folgen von COVID-19\" - f\u00fcr eine Kofinanzierung ausgew\u00e4hlt Projektname: Personal [...]<\/p>","protected":false},"author":3,"featured_media":0,"parent":0,"menu_order":0,"comment_status":"closed","ping_status":"closed","template":"elementor_theme","meta":{"_seopress_robots_primary_cat":"","_seopress_titles_title":"","_seopress_titles_desc":"","_seopress_robots_index":"","ocean_post_layout":"full-screen","ocean_both_sidebars_style":"","ocean_both_sidebars_content_width":0,"ocean_both_sidebars_sidebars_width":0,"ocean_sidebar":"","ocean_second_sidebar":"","ocean_disable_margins":"enable","ocean_add_body_class":"","ocean_shortcode_before_top_bar":"","ocean_shortcode_after_top_bar":"","ocean_shortcode_before_header":"","ocean_shortcode_after_header":"","ocean_has_shortcode":"","ocean_shortcode_after_title":"","ocean_shortcode_before_footer_widgets":"","ocean_shortcode_after_footer_widgets":"","ocean_shortcode_before_footer_bottom":"","ocean_shortcode_after_footer_bottom":"","ocean_display_top_bar":"default","ocean_display_header":"default","ocean_header_style":"","ocean_center_header_left_menu":"","ocean_custom_header_template":"","ocean_custom_logo":0,"ocean_custom_retina_logo":0,"ocean_custom_logo_max_width":0,"ocean_custom_logo_tablet_max_width":0,"ocean_custom_logo_mobile_max_width":0,"ocean_custom_logo_max_height":0,"ocean_custom_logo_tablet_max_height":0,"ocean_custom_logo_mobile_max_height":0,"ocean_header_custom_menu":"","ocean_menu_typo_font_family":"","ocean_menu_typo_font_subset":"","ocean_menu_typo_font_size":0,"ocean_menu_typo_font_size_tablet":0,"ocean_menu_typo_font_size_mobile":0,"ocean_menu_typo_font_size_unit":"px","ocean_menu_typo_font_weight":"","ocean_menu_typo_font_weight_tablet":"","ocean_menu_typo_font_weight_mobile":"","ocean_menu_typo_transform":"","ocean_menu_typo_transform_tablet":"","ocean_menu_typo_transform_mobile":"","ocean_menu_typo_line_height":0,"ocean_menu_typo_line_height_tablet":0,"ocean_menu_typo_line_height_mobile":0,"ocean_menu_typo_line_height_unit":"","ocean_menu_typo_spacing":0,"ocean_menu_typo_spacing_tablet":0,"ocean_menu_typo_spacing_mobile":0,"ocean_menu_typo_spacing_unit":"","ocean_menu_link_color":"","ocean_menu_link_color_hover":"","ocean_menu_link_color_active":"","ocean_menu_link_background":"","ocean_menu_link_hover_background":"","ocean_menu_link_active_background":"","ocean_menu_social_links_bg":"","ocean_menu_social_hover_links_bg":"","ocean_menu_social_links_color":"","ocean_menu_social_hover_links_color":"","ocean_disable_title":"on","ocean_disable_heading":"default","ocean_post_title":"","ocean_post_subheading":"","ocean_post_title_style":"","ocean_post_title_background_color":"","ocean_post_title_background":0,"ocean_post_title_bg_image_position":"","ocean_post_title_bg_image_attachment":"","ocean_post_title_bg_image_repeat":"","ocean_post_title_bg_image_size":"","ocean_post_title_height":0,"ocean_post_title_bg_overlay":0.5,"ocean_post_title_bg_overlay_color":"","ocean_disable_breadcrumbs":"default","ocean_breadcrumbs_color":"","ocean_breadcrumbs_separator_color":"","ocean_breadcrumbs_links_color":"","ocean_breadcrumbs_links_hover_color":"","ocean_display_footer_widgets":"default","ocean_display_footer_bottom":"default","ocean_custom_footer_template":"","osh_disable_topbar_sticky":"default","osh_disable_header_sticky":"default","osh_sticky_header_style":"default","osh_sticky_header_effect":"","osh_custom_sticky_logo":0,"osh_custom_retina_sticky_logo":0,"osh_custom_sticky_logo_height":0,"osh_background_color":"","osh_links_color":"","osh_links_hover_color":"","osh_links_active_color":"","osh_links_bg_color":"","osh_links_hover_bg_color":"","osh_links_active_bg_color":"","osh_menu_social_links_color":"","osh_menu_social_hover_links_color":"","footnotes":""},"class_list":["post-1065","page","type-page","status-publish","hentry","entry"],"_links":{"self":[{"href":"https:\/\/termontmetal.si\/de\/wp-json\/wp\/v2\/pages\/1065","targetHints":{"allow":["GET"]}}],"collection":[{"href":"https:\/\/termontmetal.si\/de\/wp-json\/wp\/v2\/pages"}],"about":[{"href":"https:\/\/termontmetal.si\/de\/wp-json\/wp\/v2\/types\/page"}],"author":[{"embeddable":true,"href":"https:\/\/termontmetal.si\/de\/wp-json\/wp\/v2\/users\/3"}],"replies":[{"embeddable":true,"href":"https:\/\/termontmetal.si\/de\/wp-json\/wp\/v2\/comments?post=1065"}],"version-history":[{"count":13,"href":"https:\/\/termontmetal.si\/de\/wp-json\/wp\/v2\/pages\/1065\/revisions"}],"predecessor-version":[{"id":1146,"href":"https:\/\/termontmetal.si\/de\/wp-json\/wp\/v2\/pages\/1065\/revisions\/1146"}],"wp:attachment":[{"href":"https:\/\/termontmetal.si\/de\/wp-json\/wp\/v2\/media?parent=1065"}],"curies":[{"name":"wp","href":"https:\/\/api.w.org\/{rel}","templated":true}]}}