{"id":1115,"date":"2024-11-08T10:36:38","date_gmt":"2024-11-08T10:36:38","guid":{"rendered":"https:\/\/termontmetal.si\/?page_id=1115"},"modified":"2024-11-08T10:41:30","modified_gmt":"2024-11-08T10:41:30","slug":"splosni-pogoji","status":"publish","type":"page","link":"https:\/\/termontmetal.si\/de\/splosni-pogoji\/","title":{"rendered":"Allgemeine Bedingungen und Konditionen"},"content":{"rendered":"<div data-elementor-type=\"wp-page\" data-elementor-id=\"1115\" class=\"elementor elementor-1115\" data-elementor-post-type=\"page\">\n\t\t\t\t\t\t<section class=\"elementor-section elementor-top-section elementor-element elementor-element-70ed27a elementor-section-height-min-height elementor-section-boxed elementor-section-height-default elementor-section-items-middle\" data-id=\"70ed27a\" data-element_type=\"section\" data-e-type=\"section\" data-settings=\"{&quot;background_background&quot;:&quot;classic&quot;}\">\n\t\t\t\t\t\t\t<div class=\"elementor-background-overlay\"><\/div>\n\t\t\t\t\t\t\t<div class=\"elementor-container elementor-column-gap-default\">\n\t\t\t\t\t<div class=\"elementor-column elementor-col-100 elementor-top-column elementor-element elementor-element-446e77b\" data-id=\"446e77b\" data-element_type=\"column\" data-e-type=\"column\">\n\t\t\t<div class=\"elementor-widget-wrap elementor-element-populated\">\n\t\t\t\t\t\t<div class=\"elementor-element elementor-element-656046a elementor-widget elementor-widget-heading\" data-id=\"656046a\" data-element_type=\"widget\" data-e-type=\"widget\" data-widget_type=\"heading.default\">\n\t\t\t\t<div class=\"elementor-widget-container\">\n\t\t\t\t\t<h1 class=\"elementor-heading-title elementor-size-default\">Allgemeine Bedingungen und Konditionen<\/h1>\t\t\t\t<\/div>\n\t\t\t\t<\/div>\n\t\t\t\t\t<\/div>\n\t\t<\/div>\n\t\t\t\t\t<\/div>\n\t\t<\/section>\n\t\t\t\t<section class=\"elementor-section elementor-top-section elementor-element elementor-element-03a6e38 elementor-section-boxed elementor-section-height-default elementor-section-height-default\" data-id=\"03a6e38\" data-element_type=\"section\" data-e-type=\"section\">\n\t\t\t\t\t\t<div class=\"elementor-container elementor-column-gap-default\">\n\t\t\t\t\t<div class=\"elementor-column elementor-col-100 elementor-top-column elementor-element elementor-element-67c4af1\" data-id=\"67c4af1\" data-element_type=\"column\" data-e-type=\"column\">\n\t\t\t<div class=\"elementor-widget-wrap elementor-element-populated\">\n\t\t\t\t\t\t<div class=\"elementor-element elementor-element-4d3b640 elementor-widget elementor-widget-text-editor\" data-id=\"4d3b640\" data-element_type=\"widget\" data-e-type=\"widget\" data-widget_type=\"text-editor.default\">\n\t\t\t\t<div class=\"elementor-widget-container\">\n\t\t\t\t\t\t\t\t\t<p><strong>Allgemeine Bedingungen und Konditionen<\/strong><\/p><p>Die vorliegenden Bedingungen beschreiben die Regeln und Vorschriften f\u00fcr die Nutzung der Website von TERMONT METAL d.o.o. unter der Adresse https:\/\/termontmetal.si\/ und aller ihrer Subdomains. Durch den Zugriff auf diese Website gehen wir davon aus, dass Sie diese Bedingungen akzeptieren. Nutzen Sie https:\/\/termontmetal.si\/ nicht weiter, wenn Sie nicht mit allen auf dieser Seite genannten Bedingungen einverstanden sind.<\/p><p>Die folgende Terminologie gilt f\u00fcr diese Allgemeinen Gesch\u00e4ftsbedingungen, die Datenschutzerkl\u00e4rung und den Haftungsausschluss sowie alle Vereinbarungen: \"Kunde\", \"Sie\" und \"Ihr\" bezieht sich auf Sie, die Person, die sich auf dieser Website registriert und den Allgemeinen Gesch\u00e4ftsbedingungen des Unternehmens unterliegt. \"Unternehmen\", \"Sie\", \"Wir\", \"Unser\" und \"Uns\" beziehen sich auf unser Unternehmen. \"Kunde\", \"Parteien\" oder \"uns\" bezieht sich sowohl auf den Kunden als auch auf uns. Alle Bedingungen beziehen sich auf das Angebot, die Annahme und die Gegenleistung, die erforderlich sind, um den Prozess unserer Unterst\u00fctzung f\u00fcr den Kunden auf die zweckm\u00e4\u00dfigste Weise durchzuf\u00fchren, mit dem ausdr\u00fccklichen Ziel, die Bed\u00fcrfnisse des Kunden f\u00fcr die Erbringung der oben genannten Dienstleistungen in \u00dcbereinstimmung mit und vorbehaltlich des geltenden slowenischen Rechts zu erf\u00fcllen. Jegliche Verwendung der oben genannten Terminologie oder anderer W\u00f6rter im Singular, Plural, in Gro\u00dfbuchstaben und\/oder er\/sie\/es oder sie gelten als austauschbar und beziehen sich daher auf dasselbe.<\/p><p><strong>Cookies<\/strong><\/p><p>Diese Website verwendet Cookies. Wenn Sie auf https:\/\/termontmetal.si\/ zugreifen, stimmen Sie der Verwendung von Cookies im Einvernehmen mit TERMONT METAL d.o.o. und der Datenschutzrichtlinie der Website zu. Die meisten interaktiven Websites verwenden Cookies, um bei jedem Besuch Informationen \u00fcber den Benutzer zu erhalten. Wir verwenden Cookies auf unserer Website, um die Funktionalit\u00e4t bestimmter Bereiche zu erm\u00f6glichen und die Nutzung unserer Website f\u00fcr die Besucher zu erleichtern. Einige unserer Tochtergesellschaften\/Werbepartner verwenden m\u00f6glicherweise auch Cookies von Dritten.<\/p><p><strong>Lizenz<\/strong><\/p><p>Sofern nicht anders angegeben, sind TERMONT METAL d.o.o. und\/oder die Lizenzgeber der Website die Inhaber der geistigen Eigentumsrechte f\u00fcr das gesamte Material auf https:\/\/termontmetal.si\/. Alle geistigen Eigentumsrechte sind vorbehalten. Sie k\u00f6nnen auf https:\/\/termontmetal.si\/ f\u00fcr Ihren pers\u00f6nlichen Gebrauch zugreifen, vorbehaltlich der Einschr\u00e4nkungen, die in diesen Bedingungen festgelegt sind.<\/p><p>Das d\u00fcrfen Sie nicht:<\/p><ul><li>Zur Ver\u00f6ffentlichung von Material https:\/\/termontmetal.si\/brez Genehmigungen.<\/li><li>Verkauf, Verleih oder Unterlizenzierung von Material mit Genehmigung von https:\/\/termontmetal.si\/brez.<\/li><li>Reproduzieren, vervielf\u00e4ltigen oder kopieren Sie Material mit Genehmigung von https:\/\/termontmetal.si\/brez.<\/li><li>Weiterverbreitung von Inhalten mit Genehmigung von https:\/\/termontmetal.si\/brez.<\/li><li>Diese Vereinbarung tritt mit dem Datum dieser Vereinbarung oder mit dem direkten Zugriff auf unsere Website in Kraft.<\/li><\/ul><p>Teile dieser Website bieten Nutzern die M\u00f6glichkeit, Meinungen und Informationen zu bestimmten Bereichen der Website zu ver\u00f6ffentlichen und auszutauschen. TERMONT METAL d.o.o. filtert, bearbeitet, ver\u00f6ffentlicht oder \u00fcberpr\u00fcft Kommentare nicht, bevor sie auf der Website erscheinen. Die Kommentare spiegeln nicht die Ansichten und Meinungen von TERMONT METAL d.o.o., seinen Vertretern und\/oder verbundenen Unternehmen wider. Kommentare spiegeln die Ansichten und Meinungen der Person wider, die die Meinung ver\u00f6ffentlicht. TERMONT METAL d.o.o. haftet nicht f\u00fcr die Kommentare oder f\u00fcr jegliche Haftung, Sch\u00e4den oder Kosten jeglicher Art, die infolge der Nutzung und\/oder Ver\u00f6ffentlichung und\/oder des Erscheinens der Kommentare auf dieser Website entstehen und\/oder erlitten werden, soweit dies gesetzlich zul\u00e4ssig ist.<\/p><p>TERMONT METAL d.o.o. beh\u00e4lt sich das Recht vor, alle Kommentare zu \u00fcberwachen und alle Kommentare zu entfernen, die als unangemessen, beleidigend oder als Versto\u00df gegen die vorliegenden Bedingungen angesehen werden.<\/p><p>Sie garantieren und sichern zu, dass:<\/p><ul><li>Sie sind berechtigt, Kommentare auf unserer Website zu ver\u00f6ffentlichen und verf\u00fcgen \u00fcber die daf\u00fcr erforderlichen Genehmigungen und Zustimmungen;<\/li><li>die Kommentare keine Rechte an geistigem Eigentum, einschlie\u00dflich Urheberrechte, Patente oder Markenrechte Dritter, verletzen;<\/li><li>Die Kommentare enthalten kein diffamierendes, verleumderisches, beleidigendes, obsz\u00f6nes oder anderweitig ungesetzliches Material, das eine Verletzung der Privatsph\u00e4re darstellt;<\/li><li>Die Kommentare d\u00fcrfen nicht dazu verwendet werden, f\u00fcr Verk\u00e4ufe zu werben oder kommerzielle oder illegale Aktivit\u00e4ten darzustellen.<br \/>Sie gew\u00e4hren TERMONT METAL d.o.o. hiermit eine nicht-exklusive Lizenz zur Nutzung, Vervielf\u00e4ltigung, Bearbeitung und Autorisierung anderer zur Nutzung, Vervielf\u00e4ltigung und Bearbeitung Ihrer Kommentare in jeglicher Form, Gestalt oder Medium.<\/li><\/ul><p>Hyperlink zu unserem Inhalt<\/p><p>Die folgenden Organisationen d\u00fcrfen ohne vorherige schriftliche Genehmigung auf unsere Website verlinken:<\/p><ul><li>staatliche Stellen<\/li><li>Suchmaschinen;<\/li><li>Nachrichten;<\/li><li>Verteiler von Online-Verzeichnissen, die auf unsere Website in gleicher Weise verlinken k\u00f6nnen wie Hyperlinks zu den Websites anderer b\u00f6rsennotierter Unternehmen; und<\/li><li>akkreditierte Unternehmen im gesamten System, mit Ausnahme von gemeinn\u00fctzigen Organisationen, Wohlt\u00e4tigkeitsl\u00e4den und Wohlt\u00e4tigkeitsgruppen, die keine Hyperlinks zu unserer Website setzen d\u00fcrfen.<\/li><\/ul><p>Diese Organisationen k\u00f6nnen einen Link zu unserer Homepage, zu Ver\u00f6ffentlichungen oder zu anderen Informationen auf der Website einrichten, vorausgesetzt, dass der Link: (a) in keiner Weise irref\u00fchrend ist; (b) die verlinkte Website und ihre Produkte und\/oder Dienstleistungen nicht in unzul\u00e4ssiger Weise sponsert, bef\u00fcrwortet oder genehmigt; und (c) in den Kontext der Website der verlinkten Partei passt.<\/p><p>Wir k\u00f6nnen andere Anfragen f\u00fcr Links von den folgenden Arten von Organisationen pr\u00fcfen und genehmigen:<\/p><ul><li>allgemein bekannte Quellen f\u00fcr Verbraucher- und\/oder Unternehmensinformationen;<\/li><li>Community dot.com<\/li><li>Verb\u00e4nde oder andere Gruppen, die Wohlt\u00e4tigkeitsorganisationen vertreten;<\/li><li>Online-Verzeichnisse f\u00fcr H\u00e4ndler;<\/li><li>Internetportale;<\/li><li>Wirtschaftspr\u00fcfungs-, Rechtsberatungs- und Beratungsunternehmen; und<\/li><li>Bildungseinrichtungen und Berufsverb\u00e4nde.<br \/>Wir werden Linkanfragen von diesen Organisationen genehmigen, wenn wir entscheiden, dass: a) wir den Link nicht als unangemessen f\u00fcr uns oder unsere akkreditierten Unternehmen erscheinen lassen w\u00fcrden; b) die Organisation keinen negativen Eintrag bei uns hat; c) der Nutzen f\u00fcr uns durch die Sichtbarkeit des Hyperlinks uns f\u00fcr die Abwesenheit von TERMONT METAL Ltd. entsch\u00e4digt; und d) der Link im Zusammenhang mit allgemeinen Informationen \u00fcber die Ressource steht.<\/li><\/ul><p>Diese Organisationen d\u00fcrfen auf unsere Homepage verlinken, solange der Link: (a) in keiner Weise irref\u00fchrend ist; (b) die verlinkende Website und ihre Produkte oder Dienstleistungen nicht unangemessen sponsert, unterst\u00fctzt oder billigt; und (c) in den Kontext der Website der verlinkenden Partei passt. Wenn Sie eine der oben aufgef\u00fchrten Organisationen sind und an einer Verlinkung zu unserer Website interessiert sind, m\u00fcssen Sie uns dies per E-Mail an info@termontmetal.si mitteilen.<\/p><p>Bitte geben Sie Ihren Namen, den Namen Ihrer Organisation, Ihre Kontaktdaten sowie die URL Ihrer Website, eine Liste aller URLs, von denen aus Sie auf unsere Website verlinken wollen, und eine Liste der URLs auf unserer Website, auf die Sie verlinken wollen, an. Bitte warten Sie 2-3 Wochen auf eine Antwort.<\/p><p>Zugelassene Organisationen k\u00f6nnen Hyperlinks zu unserer Website einrichten:<\/p><ul><li>unter Verwendung unseres Firmennamens oder<\/li><li>unter Verwendung eines einzigen Ressourcen-Locators, der mit<\/li><li>durch Verwendung einer anderen Beschreibung unserer Website, die sich auf das bezieht, was im Kontext und im Format des Inhalts auf der Website der verlinkenden Partei sinnvoll ist.<br \/>Die Verwendung des Logos von TERMONT METAL d.o.o. oder anderer Inhalte ist f\u00fcr den Link nicht gestattet, es sei denn, es besteht ein Markenlizenzvertrag.<\/li><\/ul><p>iFrame<\/p><p>Sie d\u00fcrfen auf unseren Websites keine Frames erstellen, die die visuelle Pr\u00e4sentation oder das Erscheinungsbild unserer Website in irgendeiner Weise ver\u00e4ndern, ohne dass wir dies vorher schriftlich genehmigt haben.<\/p><p>Substanzielle Verantwortung<\/p><p>Wir sind nicht f\u00fcr Inhalte verantwortlich, die auf Ihrer Website erscheinen. Sie verpflichten sich, uns von allen Anspr\u00fcchen, die auf Ihrer Website erscheinen, freizustellen, zu verteidigen und schadlos zu halten. Auf keiner Website darf ein Link erscheinen, der als falsch, obsz\u00f6n oder kriminell ausgelegt werden k\u00f6nnte oder der die Rechte eines Dritten verletzt, anderweitig gegen sie verst\u00f6\u00dft oder die Verletzung oder sonstige Verletzung von Rechten Dritter bef\u00fcrwortet.<\/p><p>Vorbehalt der Rechte<\/p><p>Wir behalten uns das Recht vor, Sie aufzufordern, alle Links oder einen bestimmten Link zu unserer Website zu entfernen. Sie verpflichten sich, alle Links zu unserer Website auf Verlangen unverz\u00fcglich zu entfernen. Wir behalten uns au\u00dferdem das Recht vor, diese Bedingungen und die Linkpolitik jederzeit zu \u00e4ndern. Indem Sie kontinuierlich einen Link zu unserer Website herstellen, erkl\u00e4ren Sie sich mit diesen Bedingungen einverstanden und befolgen sie.<\/p><p>Entfernung von Links von unserer Website<\/p><p>Wenn Sie auf unserer Website einen Link finden, der aus irgendeinem Grund anst\u00f6\u00dfig ist, k\u00f6nnen Sie sich jederzeit an uns wenden, um uns dies mitzuteilen. Wir werden Anfragen zur Entfernung von Links pr\u00fcfen, sind aber nicht verpflichtet, ihnen direkt zu antworten. Wir \u00fcbernehmen keine Gew\u00e4hr f\u00fcr die Richtigkeit, Vollst\u00e4ndigkeit oder Genauigkeit der Informationen auf dieser Website und versprechen auch nicht, dass die Website verf\u00fcgbar bleibt oder dass das Material auf der Website auf dem neuesten Stand gehalten wird.<\/p><p>Haftungsausschluss<\/p><p>Soweit dies nach geltendem Recht zul\u00e4ssig ist, schlie\u00dfen wir alle Zusicherungen, Garantien und Bedingungen in Bezug auf unsere Website und die Nutzung dieser Website aus. Nichts in diesem Haftungsausschluss wird:<\/p><p>Die in diesem Abschnitt und an anderer Stelle in diesem Haftungsausschluss dargelegten Haftungsbeschr\u00e4nkungen und -verbote: (a) gelten f\u00fcr den vorangehenden Absatz; und (b) regeln alle Verpflichtungen, die sich aus dem Haftungsausschluss ergeben, einschlie\u00dflich vertraglicher Verpflichtungen aus Vertrag, Schadensersatz und Verletzung gesetzlicher Pflichten.<\/p><p>Wir haften nicht f\u00fcr Verluste oder Sch\u00e4den, solange die Website und die Informationen und Dienste auf der Website nicht kostenlos zur Verf\u00fcgung gestellt werden.<\/p><p>Au\u00dfergerichtliche Beilegung von Verbraucherrechtsstreitigkeiten<\/p><p>TERMONT METAL d.o.o. erkennt keinen Anbieter f\u00fcr die au\u00dfergerichtliche Beilegung von Verbraucherstreitigkeiten als zust\u00e4ndig f\u00fcr die Beilegung von Verbraucherstreitigkeiten an, die von einem Verbraucher in \u00dcbereinstimmung mit dem Gesetz \u00fcber die au\u00dfergerichtliche Beilegung von Verbraucherstreitigkeiten in \u00dcbereinstimmung mit den Rechtsnormen vorgebracht werden k\u00f6nnten. Das Unternehmen als Anbieter von Waren und Dienstleistungen ver\u00f6ffentlicht auf seiner Website einen elektronischen Link zur Online-Plattform f\u00fcr die Beilegung von Verbraucherstreitigkeiten (ODRP), die den Verbrauchern unter folgendem elektronischen Link zur Verf\u00fcgung steht: http:\/\/ec.europa.eu\/odr. Die oben genannte Regelung basiert auf dem Gesetz \u00fcber die au\u00dfergerichtliche Beilegung von Verbraucherstreitigkeiten, der Verordnung (EU) Nr. 524\/2013 des Europ\u00e4ischen Parlaments und des Rates \u00fcber die Online-Streitbeilegung bei Verbraucherstreitigkeiten und zur \u00c4nderung der Verordnung (EG) Nr. 2016\/2004 und der Richtlinie 200.<\/p>\t\t\t\t\t\t\t\t<\/div>\n\t\t\t\t<\/div>\n\t\t\t\t\t<\/div>\n\t\t<\/div>\n\t\t\t\t\t<\/div>\n\t\t<\/section>\n\t\t\t\t<\/div>","protected":false},"excerpt":{"rendered":"<p>Allgemeine Gesch\u00e4ftsbedingungen Die vorliegenden Gesch\u00e4ftsbedingungen beschreiben die Regeln und Vorschriften f\u00fcr die Nutzung der Website von TERMONT METAL d.o.o. unter der Adresse https:\/\/termontmetal.si\/ und aller ihrer Subdomains. Durch den Zugriff auf diese Website gehen wir davon aus, dass Sie diese Bedingungen und Konditionen akzeptieren. Fahren Sie nicht mit der Nutzung von https:\/\/termontmetal.si\/ fort, wenn Sie nicht mit allen auf dieser Seite genannten Bedingungen einverstanden sind. Die folgenden [...]<\/p>","protected":false},"author":3,"featured_media":0,"parent":0,"menu_order":0,"comment_status":"closed","ping_status":"closed","template":"elementor_theme","meta":{"_seopress_robots_primary_cat":"","_seopress_titles_title":"","_seopress_titles_desc":"","_seopress_robots_index":"","ocean_post_layout":"full-screen","ocean_both_sidebars_style":"","ocean_both_sidebars_content_width":0,"ocean_both_sidebars_sidebars_width":0,"ocean_sidebar":"","ocean_second_sidebar":"","ocean_disable_margins":"enable","ocean_add_body_class":"","ocean_shortcode_before_top_bar":"","ocean_shortcode_after_top_bar":"","ocean_shortcode_before_header":"","ocean_shortcode_after_header":"","ocean_has_shortcode":"","ocean_shortcode_after_title":"","ocean_shortcode_before_footer_widgets":"","ocean_shortcode_after_footer_widgets":"","ocean_shortcode_before_footer_bottom":"","ocean_shortcode_after_footer_bottom":"","ocean_display_top_bar":"default","ocean_display_header":"default","ocean_header_style":"","ocean_center_header_left_menu":"","ocean_custom_header_template":"","ocean_custom_logo":0,"ocean_custom_retina_logo":0,"ocean_custom_logo_max_width":0,"ocean_custom_logo_tablet_max_width":0,"ocean_custom_logo_mobile_max_width":0,"ocean_custom_logo_max_height":0,"ocean_custom_logo_tablet_max_height":0,"ocean_custom_logo_mobile_max_height":0,"ocean_header_custom_menu":"","ocean_menu_typo_font_family":"","ocean_menu_typo_font_subset":"","ocean_menu_typo_font_size":0,"ocean_menu_typo_font_size_tablet":0,"ocean_menu_typo_font_size_mobile":0,"ocean_menu_typo_font_size_unit":"px","ocean_menu_typo_font_weight":"","ocean_menu_typo_font_weight_tablet":"","ocean_menu_typo_font_weight_mobile":"","ocean_menu_typo_transform":"","ocean_menu_typo_transform_tablet":"","ocean_menu_typo_transform_mobile":"","ocean_menu_typo_line_height":0,"ocean_menu_typo_line_height_tablet":0,"ocean_menu_typo_line_height_mobile":0,"ocean_menu_typo_line_height_unit":"","ocean_menu_typo_spacing":0,"ocean_menu_typo_spacing_tablet":0,"ocean_menu_typo_spacing_mobile":0,"ocean_menu_typo_spacing_unit":"","ocean_menu_link_color":"","ocean_menu_link_color_hover":"","ocean_menu_link_color_active":"","ocean_menu_link_background":"","ocean_menu_link_hover_background":"","ocean_menu_link_active_background":"","ocean_menu_social_links_bg":"","ocean_menu_social_hover_links_bg":"","ocean_menu_social_links_color":"","ocean_menu_social_hover_links_color":"","ocean_disable_title":"on","ocean_disable_heading":"default","ocean_post_title":"","ocean_post_subheading":"","ocean_post_title_style":"","ocean_post_title_background_color":"","ocean_post_title_background":0,"ocean_post_title_bg_image_position":"","ocean_post_title_bg_image_attachment":"","ocean_post_title_bg_image_repeat":"","ocean_post_title_bg_image_size":"","ocean_post_title_height":0,"ocean_post_title_bg_overlay":0.5,"ocean_post_title_bg_overlay_color":"","ocean_disable_breadcrumbs":"default","ocean_breadcrumbs_color":"","ocean_breadcrumbs_separator_color":"","ocean_breadcrumbs_links_color":"","ocean_breadcrumbs_links_hover_color":"","ocean_display_footer_widgets":"default","ocean_display_footer_bottom":"default","ocean_custom_footer_template":"","osh_disable_topbar_sticky":"default","osh_disable_header_sticky":"default","osh_sticky_header_style":"default","osh_sticky_header_effect":"","osh_custom_sticky_logo":0,"osh_custom_retina_sticky_logo":0,"osh_custom_sticky_logo_height":0,"osh_background_color":"","osh_links_color":"","osh_links_hover_color":"","osh_links_active_color":"","osh_links_bg_color":"","osh_links_hover_bg_color":"","osh_links_active_bg_color":"","osh_menu_social_links_color":"","osh_menu_social_hover_links_color":"","footnotes":""},"class_list":["post-1115","page","type-page","status-publish","hentry","entry"],"_links":{"self":[{"href":"https:\/\/termontmetal.si\/de\/wp-json\/wp\/v2\/pages\/1115","targetHints":{"allow":["GET"]}}],"collection":[{"href":"https:\/\/termontmetal.si\/de\/wp-json\/wp\/v2\/pages"}],"about":[{"href":"https:\/\/termontmetal.si\/de\/wp-json\/wp\/v2\/types\/page"}],"author":[{"embeddable":true,"href":"https:\/\/termontmetal.si\/de\/wp-json\/wp\/v2\/users\/3"}],"replies":[{"embeddable":true,"href":"https:\/\/termontmetal.si\/de\/wp-json\/wp\/v2\/comments?post=1115"}],"version-history":[{"count":4,"href":"https:\/\/termontmetal.si\/de\/wp-json\/wp\/v2\/pages\/1115\/revisions"}],"predecessor-version":[{"id":1119,"href":"https:\/\/termontmetal.si\/de\/wp-json\/wp\/v2\/pages\/1115\/revisions\/1119"}],"wp:attachment":[{"href":"https:\/\/termontmetal.si\/de\/wp-json\/wp\/v2\/media?parent=1115"}],"curies":[{"name":"wp","href":"https:\/\/api.w.org\/{rel}","templated":true}]}}