{"id":1121,"date":"2024-11-08T10:43:27","date_gmt":"2024-11-08T10:43:27","guid":{"rendered":"https:\/\/termontmetal.si\/?page_id=1121"},"modified":"2024-11-08T10:48:22","modified_gmt":"2024-11-08T10:48:22","slug":"politika-zasebnosti","status":"publish","type":"page","link":"https:\/\/termontmetal.si\/de\/politika-zasebnosti\/","title":{"rendered":"Datenschutzbestimmungen"},"content":{"rendered":"<div data-elementor-type=\"wp-page\" data-elementor-id=\"1121\" class=\"elementor elementor-1121\" data-elementor-post-type=\"page\">\n\t\t\t\t\t\t<section class=\"elementor-section elementor-top-section elementor-element elementor-element-70ed27a elementor-section-height-min-height elementor-section-boxed elementor-section-height-default elementor-section-items-middle\" data-id=\"70ed27a\" data-element_type=\"section\" data-e-type=\"section\" data-settings=\"{&quot;background_background&quot;:&quot;classic&quot;}\">\n\t\t\t\t\t\t\t<div class=\"elementor-background-overlay\"><\/div>\n\t\t\t\t\t\t\t<div class=\"elementor-container elementor-column-gap-default\">\n\t\t\t\t\t<div class=\"elementor-column elementor-col-100 elementor-top-column elementor-element elementor-element-446e77b\" data-id=\"446e77b\" data-element_type=\"column\" data-e-type=\"column\">\n\t\t\t<div class=\"elementor-widget-wrap elementor-element-populated\">\n\t\t\t\t\t\t<div class=\"elementor-element elementor-element-656046a elementor-widget elementor-widget-heading\" data-id=\"656046a\" data-element_type=\"widget\" data-e-type=\"widget\" data-widget_type=\"heading.default\">\n\t\t\t\t<div class=\"elementor-widget-container\">\n\t\t\t\t\t<h1 class=\"elementor-heading-title elementor-size-default\">Datenschutzbestimmungen<\/h1>\t\t\t\t<\/div>\n\t\t\t\t<\/div>\n\t\t\t\t\t<\/div>\n\t\t<\/div>\n\t\t\t\t\t<\/div>\n\t\t<\/section>\n\t\t\t\t<section class=\"elementor-section elementor-top-section elementor-element elementor-element-03a6e38 elementor-section-boxed elementor-section-height-default elementor-section-height-default\" data-id=\"03a6e38\" data-element_type=\"section\" data-e-type=\"section\">\n\t\t\t\t\t\t<div class=\"elementor-container elementor-column-gap-default\">\n\t\t\t\t\t<div class=\"elementor-column elementor-col-100 elementor-top-column elementor-element elementor-element-67c4af1\" data-id=\"67c4af1\" data-element_type=\"column\" data-e-type=\"column\">\n\t\t\t<div class=\"elementor-widget-wrap elementor-element-populated\">\n\t\t\t\t\t\t<div class=\"elementor-element elementor-element-4d3b640 elementor-widget elementor-widget-text-editor\" data-id=\"4d3b640\" data-element_type=\"widget\" data-e-type=\"widget\" data-widget_type=\"text-editor.default\">\n\t\t\t\t<div class=\"elementor-widget-container\">\n\t\t\t\t\t\t\t\t\t<p><strong>WAS WIR BRAUCHEN<\/strong><\/p><p>Unsere Datenschutzpolitik regelt die Verwendung und Speicherung personenbezogener Daten. Sie k\u00f6nnen unsere Datenschutzpolitik auf der Seite \"Datenschutz\" (unten angeh\u00e4ngt) einsehen. TERMONT METAL d.o.o., Savinjska cesta 87A, 3310 \u017dalec ist der f\u00fcr die Verarbeitung personenbezogener Daten Verantwortliche (Datensubjekt: Sie, Kunde, Besucher usw.). Wir sammeln die folgenden Arten personenbezogener Daten:<\/p><p><strong>E-Mail Adresse;<\/strong><\/p><ul><li>Vor- und Nachname, Adresse,<\/li><li>E-Mail Adresse und Telefonnummer;<\/li><li>Zahlungsdaten wie Kredit- oder Debitkartendaten, Paypal und andere Zahlungsarten;<\/li><li>Kopien von Ausweispapieren, die die Richtigkeit der personenbezogenen Daten best\u00e4tigen;<\/li><li>Kekse;<\/li><li>Google Analytics und<\/li><li>Yandex und Cloudflare verfolgen den Besuch;<\/li><li>Links zu pers\u00f6nlichen Profilen in sozialen Gruppen.<\/li><li>Wir erhalten jede Art von personenbezogenen Daten auf der Grundlage der Notwendigkeit und mit gesonderter Zustimmung.<\/li><\/ul><p><strong>WARUM WIR SIE BRAUCHEN<\/strong><\/p><p>Wir ben\u00f6tigen Ihre pers\u00f6nlichen Daten f\u00fcr die folgenden Dienstleistungen:<\/p><ul><li>E-Mail-Adresse f\u00fcr die Beantwortung Ihrer E-Mails oder der \u00fcber Kontaktformulare \u00fcbermittelten Nachrichten;<\/li><li>E-Mail-Adresse f\u00fcr den Versand von Angeboten und Newslettern;<\/li><li>Vor- und Nachname, Adresse,<\/li><li>E-Mail-Adresse und Telefonnummer, um Reservierungen, Anfragen und Kostenvoranschl\u00e4ge zu erhalten oder um Ihre sonstigen Anfragen zu bearbeiten;<\/li><li>Name, Adresse, E-Mail-Adresse und Telefonnummer zum Kauf von Geschenkgutscheinen, Gutscheinen oder Dienstleistungen und Artikeln in Verbindung mit unserem Angebot;<\/li><li>Angaben zu den Zahlungsmitteln und Kopien von Ausweispapieren f\u00fcr die Erbringung von Dienstleistungen;<\/li><li>E-Mail-Adresse f\u00fcr automatisiertes Marketing (Buchungsbest\u00e4tigungen, Danksagungen usw.);<\/li><li>Cookies f\u00fcr den Betrieb von Websites;<\/li><li>Kommunikation \u00fcber soziale Gruppen mit pers\u00f6nlichen Profilen, die Ihre Verbindung zu uns best\u00e4tigen;<\/li><li>Name, Adresse, E-Mail-Adresse und Telefonnummer f\u00fcr gelegentliche Verlosungen oder andere Werbeaktionen mit Ihrer vorherigen Zustimmung;<\/li><li>Aggregierte Daten von Google Analytics oder Yandex Direct und Cloudflare zur Verfolgung von Besuchen und internen Analysen zur Verbesserung der Inhalte.<\/li><\/ul><p><strong>WAS WIR MIT PERSONENBEZOGENEN DATEN TUN<\/strong><br \/>Ihre pers\u00f6nlichen Daten werden bei TERMONT METAL d.o.o., Savinjska cesta 87A, 3310 \u017dalec, in Slowenien, verarbeitet. Die Daten werden bei https:\/\/termontmetal.si\/ gehostet und gespeichert, das sich in der Europ\u00e4ischen Union (Deutschland) befindet.<\/p><p>Kein Drittanbieter hat Zugang zu Ihren Daten, es sei denn, dies ist gesetzlich vorgeschrieben.<\/p><p><strong>WIE LANGE SIE AUFBEWAHRT WERDEN<\/strong><br \/>Wir verwenden dauerhafte Cookies auf unserer Website, um Links zu sozialen Diensten und anderen \"Sharing\"-Anbietern herzustellen, und Cookies, damit Sie immer wieder auf Ihre Lieblingsinhalte auf unserer Website zugreifen k\u00f6nnen.<\/p><p><strong>WELCHE RECHTE HABEN SIE?<\/strong><br \/>Wenn Sie der Meinung sind, dass die von uns \u00fcber Sie gespeicherten personenbezogenen Daten unrichtig oder unvollst\u00e4ndig sind, haben Sie die M\u00f6glichkeit, einen Antrag auf \u00dcberpr\u00fcfung, Berichtigung oder L\u00f6schung dieser Daten zu stellen. Wenn Sie sich dar\u00fcber beschweren m\u00f6chten, wie wir Ihre personenbezogenen Daten verarbeitet haben, wenden Sie sich bitte an den Datenschutzbeauftragten oder Datenschutzkontakt (DPC) unter info@termontmetal.si oder schriftlich an TERMONT METAL d.o.o., Savinjska cesta 87A, 3310 \u017dalec.<\/p><p>Unser Datenschutzbeauftragter wird dann Ihre Beschwerde untersuchen und Sie \u00fcber die L\u00f6sung der Angelegenheit informieren. Wenn Sie immer noch der Meinung sind, dass Ihre personenbezogenen Daten nicht ordnungsgem\u00e4\u00df und im Einklang mit dem Gesetz verarbeitet wurden, k\u00f6nnen Sie sich an den Information Commissioner wenden und bei ihm eine Beschwerde einreichen. Sie k\u00f6nnen den Zugang zu datenschutzbezogenen Ma\u00dfnahmen und Dokumenten mit einem speziellen Formular beantragen, das Sie auf der Seite Datenschutz finden.<\/p><p>Ver. Version des Dokuments: 1.0<\/p>\t\t\t\t\t\t\t\t<\/div>\n\t\t\t\t<\/div>\n\t\t\t\t\t<\/div>\n\t\t<\/div>\n\t\t\t\t\t<\/div>\n\t\t<\/section>\n\t\t\t\t<\/div>","protected":false},"excerpt":{"rendered":"<p>Datenschutzpolitik WAS WIR BRAUCHEN Unsere Datenschutzpolitik regelt die Verwendung und Speicherung von personenbezogenen Daten. Sie k\u00f6nnen die Datenschutzpolitik auf der Seite Datenschutzhinweis (Anhang unten) einsehen. TERMONT METAL d.o.o., Savinjska cesta 87A, 3310 \u017dalec ist der f\u00fcr die Verarbeitung personenbezogener Daten Verantwortliche (Datensubjekt: Sie, der Kunde, der Besucher, usw.). Wir sammeln die folgenden Arten personenbezogener Daten: E-Mail [...]<\/p>","protected":false},"author":3,"featured_media":0,"parent":0,"menu_order":0,"comment_status":"closed","ping_status":"closed","template":"elementor_theme","meta":{"_seopress_robots_primary_cat":"","_seopress_titles_title":"","_seopress_titles_desc":"","_seopress_robots_index":"","ocean_post_layout":"full-screen","ocean_both_sidebars_style":"","ocean_both_sidebars_content_width":0,"ocean_both_sidebars_sidebars_width":0,"ocean_sidebar":"","ocean_second_sidebar":"","ocean_disable_margins":"enable","ocean_add_body_class":"","ocean_shortcode_before_top_bar":"","ocean_shortcode_after_top_bar":"","ocean_shortcode_before_header":"","ocean_shortcode_after_header":"","ocean_has_shortcode":"","ocean_shortcode_after_title":"","ocean_shortcode_before_footer_widgets":"","ocean_shortcode_after_footer_widgets":"","ocean_shortcode_before_footer_bottom":"","ocean_shortcode_after_footer_bottom":"","ocean_display_top_bar":"default","ocean_display_header":"default","ocean_header_style":"","ocean_center_header_left_menu":"","ocean_custom_header_template":"","ocean_custom_logo":0,"ocean_custom_retina_logo":0,"ocean_custom_logo_max_width":0,"ocean_custom_logo_tablet_max_width":0,"ocean_custom_logo_mobile_max_width":0,"ocean_custom_logo_max_height":0,"ocean_custom_logo_tablet_max_height":0,"ocean_custom_logo_mobile_max_height":0,"ocean_header_custom_menu":"","ocean_menu_typo_font_family":"","ocean_menu_typo_font_subset":"","ocean_menu_typo_font_size":0,"ocean_menu_typo_font_size_tablet":0,"ocean_menu_typo_font_size_mobile":0,"ocean_menu_typo_font_size_unit":"px","ocean_menu_typo_font_weight":"","ocean_menu_typo_font_weight_tablet":"","ocean_menu_typo_font_weight_mobile":"","ocean_menu_typo_transform":"","ocean_menu_typo_transform_tablet":"","ocean_menu_typo_transform_mobile":"","ocean_menu_typo_line_height":0,"ocean_menu_typo_line_height_tablet":0,"ocean_menu_typo_line_height_mobile":0,"ocean_menu_typo_line_height_unit":"","ocean_menu_typo_spacing":0,"ocean_menu_typo_spacing_tablet":0,"ocean_menu_typo_spacing_mobile":0,"ocean_menu_typo_spacing_unit":"","ocean_menu_link_color":"","ocean_menu_link_color_hover":"","ocean_menu_link_color_active":"","ocean_menu_link_background":"","ocean_menu_link_hover_background":"","ocean_menu_link_active_background":"","ocean_menu_social_links_bg":"","ocean_menu_social_hover_links_bg":"","ocean_menu_social_links_color":"","ocean_menu_social_hover_links_color":"","ocean_disable_title":"on","ocean_disable_heading":"default","ocean_post_title":"","ocean_post_subheading":"","ocean_post_title_style":"","ocean_post_title_background_color":"","ocean_post_title_background":0,"ocean_post_title_bg_image_position":"","ocean_post_title_bg_image_attachment":"","ocean_post_title_bg_image_repeat":"","ocean_post_title_bg_image_size":"","ocean_post_title_height":0,"ocean_post_title_bg_overlay":0.5,"ocean_post_title_bg_overlay_color":"","ocean_disable_breadcrumbs":"default","ocean_breadcrumbs_color":"","ocean_breadcrumbs_separator_color":"","ocean_breadcrumbs_links_color":"","ocean_breadcrumbs_links_hover_color":"","ocean_display_footer_widgets":"default","ocean_display_footer_bottom":"default","ocean_custom_footer_template":"","osh_disable_topbar_sticky":"default","osh_disable_header_sticky":"default","osh_sticky_header_style":"default","osh_sticky_header_effect":"","osh_custom_sticky_logo":0,"osh_custom_retina_sticky_logo":0,"osh_custom_sticky_logo_height":0,"osh_background_color":"","osh_links_color":"","osh_links_hover_color":"","osh_links_active_color":"","osh_links_bg_color":"","osh_links_hover_bg_color":"","osh_links_active_bg_color":"","osh_menu_social_links_color":"","osh_menu_social_hover_links_color":"","footnotes":""},"class_list":["post-1121","page","type-page","status-publish","hentry","entry"],"_links":{"self":[{"href":"https:\/\/termontmetal.si\/de\/wp-json\/wp\/v2\/pages\/1121","targetHints":{"allow":["GET"]}}],"collection":[{"href":"https:\/\/termontmetal.si\/de\/wp-json\/wp\/v2\/pages"}],"about":[{"href":"https:\/\/termontmetal.si\/de\/wp-json\/wp\/v2\/types\/page"}],"author":[{"embeddable":true,"href":"https:\/\/termontmetal.si\/de\/wp-json\/wp\/v2\/users\/3"}],"replies":[{"embeddable":true,"href":"https:\/\/termontmetal.si\/de\/wp-json\/wp\/v2\/comments?post=1121"}],"version-history":[{"count":4,"href":"https:\/\/termontmetal.si\/de\/wp-json\/wp\/v2\/pages\/1121\/revisions"}],"predecessor-version":[{"id":1125,"href":"https:\/\/termontmetal.si\/de\/wp-json\/wp\/v2\/pages\/1121\/revisions\/1125"}],"wp:attachment":[{"href":"https:\/\/termontmetal.si\/de\/wp-json\/wp\/v2\/media?parent=1121"}],"curies":[{"name":"wp","href":"https:\/\/api.w.org\/{rel}","templated":true}]}}