{"id":1126,"date":"2024-11-08T10:50:03","date_gmt":"2024-11-08T10:50:03","guid":{"rendered":"https:\/\/termontmetal.si\/?page_id=1126"},"modified":"2024-11-08T10:51:25","modified_gmt":"2024-11-08T10:51:25","slug":"kolofon","status":"publish","type":"page","link":"https:\/\/termontmetal.si\/de\/kolofon\/","title":{"rendered":"Kolophon"},"content":{"rendered":"<div data-elementor-type=\"wp-page\" data-elementor-id=\"1126\" class=\"elementor elementor-1126\" data-elementor-post-type=\"page\">\n\t\t\t\t\t\t<section class=\"elementor-section elementor-top-section elementor-element elementor-element-70ed27a elementor-section-height-min-height elementor-section-boxed elementor-section-height-default elementor-section-items-middle\" data-id=\"70ed27a\" data-element_type=\"section\" data-e-type=\"section\" data-settings=\"{&quot;background_background&quot;:&quot;classic&quot;}\">\n\t\t\t\t\t\t\t<div class=\"elementor-background-overlay\"><\/div>\n\t\t\t\t\t\t\t<div class=\"elementor-container elementor-column-gap-default\">\n\t\t\t\t\t<div class=\"elementor-column elementor-col-100 elementor-top-column elementor-element elementor-element-446e77b\" data-id=\"446e77b\" data-element_type=\"column\" data-e-type=\"column\">\n\t\t\t<div class=\"elementor-widget-wrap elementor-element-populated\">\n\t\t\t\t\t\t<div class=\"elementor-element elementor-element-656046a elementor-widget elementor-widget-heading\" data-id=\"656046a\" data-element_type=\"widget\" data-e-type=\"widget\" data-widget_type=\"heading.default\">\n\t\t\t\t<div class=\"elementor-widget-container\">\n\t\t\t\t\t<h1 class=\"elementor-heading-title elementor-size-default\">Kolophon<\/h1>\t\t\t\t<\/div>\n\t\t\t\t<\/div>\n\t\t\t\t\t<\/div>\n\t\t<\/div>\n\t\t\t\t\t<\/div>\n\t\t<\/section>\n\t\t\t\t<section class=\"elementor-section elementor-top-section elementor-element elementor-element-03a6e38 elementor-section-boxed elementor-section-height-default elementor-section-height-default\" data-id=\"03a6e38\" data-element_type=\"section\" data-e-type=\"section\">\n\t\t\t\t\t\t<div class=\"elementor-container elementor-column-gap-default\">\n\t\t\t\t\t<div class=\"elementor-column elementor-col-100 elementor-top-column elementor-element elementor-element-67c4af1\" data-id=\"67c4af1\" data-element_type=\"column\" data-e-type=\"column\">\n\t\t\t<div class=\"elementor-widget-wrap elementor-element-populated\">\n\t\t\t\t\t\t<div class=\"elementor-element elementor-element-4d3b640 elementor-widget elementor-widget-text-editor\" data-id=\"4d3b640\" data-element_type=\"widget\" data-e-type=\"widget\" data-widget_type=\"text-editor.default\">\n\t\t\t\t<div class=\"elementor-widget-container\">\n\t\t\t\t\t\t\t\t\t<p>Die Websites wurden von uns und unserem Webdienstleister entwickelt.<\/p><p>Zweck der Websites<br \/>Die Informationen auf der Website dienen der Veranschaulichung im Bereich des Kerngesch\u00e4fts, f\u00fcr das wir registriert sind. Wir verpflichten uns, dass die Informationen auf der Website wahr, zuverl\u00e4ssig und von guter Qualit\u00e4t sind.<br \/>Wir \u00fcbernehmen keine Verantwortung f\u00fcr Druckfehler und behalten uns das Recht vor, den Inhalt jederzeit und ohne Vorank\u00fcndigung zu \u00e4ndern, wenn er nicht mit unserer Unternehmenspolitik \u00fcbereinstimmt.<\/p><p><strong>Recht auf Nutzung<\/strong><br \/>Die Website und ihr gesamter Inhalt sind durch gewerbliche und geistige Eigentumsrechte gesch\u00fctzt. Alle Informationen, Texte, Bilder oder andere grafische Elemente, die auf dieser Website zu finden sind, d\u00fcrfen ausschlie\u00dflich f\u00fcr den pers\u00f6nlichen, nichtkommerziellen Gebrauch verwendet werden und d\u00fcrfen ohne vorherige schriftliche Genehmigung des Verwalters weder ganz noch teilweise zu einem anderen Zweck als der Betrachtung vervielf\u00e4ltigt, ge\u00e4ndert, verteilt, lizenziert oder in Form von Ver\u00f6ffentlichungen herausgegeben werden.<\/p><p><strong>Verantwortung \u00fcbernehmen<\/strong><br \/>Bei der Gestaltung der Website bem\u00fchen wir uns um die Aktualit\u00e4t und Richtigkeit der Informationen. Wir \u00fcbernehmen keine Gew\u00e4hr f\u00fcr die Richtigkeit und Vollst\u00e4ndigkeit der Informationen und keine Haftung f\u00fcr deren Nutzung. Die Nutzung der ver\u00f6ffentlichten Inhalte erfolgt auf eigene Gefahr des Nutzers.<br \/>Wir behalten uns das Recht vor, den Inhalt unserer Websites jederzeit, auf jede Weise, aus jedem Grund und ohne vorherige Ank\u00fcndigung zu \u00e4ndern.<\/p><p><strong>Technologische Umsetzung<\/strong><br \/>Die technische Umsetzung wurde von einer Programmier- und Designagentur in Zusammenarbeit mit unserem Unternehmen durchgef\u00fchrt.<\/p><p>Name des Unternehmens: TERMONT METAL d.o.o.<br \/>Anschrift Savinjska cesta 87A, 3310 \u017dalec<br \/>E-Mail: info@termontmetal.si<br \/>Website: https:\/\/termontmetal.si\/<\/p><p>\u017dalec, 6.11.2024<\/p>\t\t\t\t\t\t\t\t<\/div>\n\t\t\t\t<\/div>\n\t\t\t\t\t<\/div>\n\t\t<\/div>\n\t\t\t\t\t<\/div>\n\t\t<\/section>\n\t\t\t\t<\/div>","protected":false},"excerpt":{"rendered":"<p>Kolophon Die Website wurde von uns und unserem Webdienstleister entwickelt. Zweck der WebsiteDie Informationen auf der Website haben Pr\u00e4sentationscharakter im Bereich der Hauptt\u00e4tigkeit, f\u00fcr die wir registriert sind. Wir verpflichten uns, dass die Informationen auf der Website wahr, zuverl\u00e4ssig und von guter Qualit\u00e4t sind, haften nicht f\u00fcr Druckfehler und behalten uns das Recht vor, die [...]<\/p>","protected":false},"author":3,"featured_media":0,"parent":0,"menu_order":0,"comment_status":"closed","ping_status":"closed","template":"elementor_theme","meta":{"_seopress_robots_primary_cat":"","_seopress_titles_title":"","_seopress_titles_desc":"","_seopress_robots_index":"","ocean_post_layout":"full-screen","ocean_both_sidebars_style":"","ocean_both_sidebars_content_width":0,"ocean_both_sidebars_sidebars_width":0,"ocean_sidebar":"","ocean_second_sidebar":"","ocean_disable_margins":"enable","ocean_add_body_class":"","ocean_shortcode_before_top_bar":"","ocean_shortcode_after_top_bar":"","ocean_shortcode_before_header":"","ocean_shortcode_after_header":"","ocean_has_shortcode":"","ocean_shortcode_after_title":"","ocean_shortcode_before_footer_widgets":"","ocean_shortcode_after_footer_widgets":"","ocean_shortcode_before_footer_bottom":"","ocean_shortcode_after_footer_bottom":"","ocean_display_top_bar":"default","ocean_display_header":"default","ocean_header_style":"","ocean_center_header_left_menu":"","ocean_custom_header_template":"","ocean_custom_logo":0,"ocean_custom_retina_logo":0,"ocean_custom_logo_max_width":0,"ocean_custom_logo_tablet_max_width":0,"ocean_custom_logo_mobile_max_width":0,"ocean_custom_logo_max_height":0,"ocean_custom_logo_tablet_max_height":0,"ocean_custom_logo_mobile_max_height":0,"ocean_header_custom_menu":"","ocean_menu_typo_font_family":"","ocean_menu_typo_font_subset":"","ocean_menu_typo_font_size":0,"ocean_menu_typo_font_size_tablet":0,"ocean_menu_typo_font_size_mobile":0,"ocean_menu_typo_font_size_unit":"px","ocean_menu_typo_font_weight":"","ocean_menu_typo_font_weight_tablet":"","ocean_menu_typo_font_weight_mobile":"","ocean_menu_typo_transform":"","ocean_menu_typo_transform_tablet":"","ocean_menu_typo_transform_mobile":"","ocean_menu_typo_line_height":0,"ocean_menu_typo_line_height_tablet":0,"ocean_menu_typo_line_height_mobile":0,"ocean_menu_typo_line_height_unit":"","ocean_menu_typo_spacing":0,"ocean_menu_typo_spacing_tablet":0,"ocean_menu_typo_spacing_mobile":0,"ocean_menu_typo_spacing_unit":"","ocean_menu_link_color":"","ocean_menu_link_color_hover":"","ocean_menu_link_color_active":"","ocean_menu_link_background":"","ocean_menu_link_hover_background":"","ocean_menu_link_active_background":"","ocean_menu_social_links_bg":"","ocean_menu_social_hover_links_bg":"","ocean_menu_social_links_color":"","ocean_menu_social_hover_links_color":"","ocean_disable_title":"on","ocean_disable_heading":"default","ocean_post_title":"","ocean_post_subheading":"","ocean_post_title_style":"","ocean_post_title_background_color":"","ocean_post_title_background":0,"ocean_post_title_bg_image_position":"","ocean_post_title_bg_image_attachment":"","ocean_post_title_bg_image_repeat":"","ocean_post_title_bg_image_size":"","ocean_post_title_height":0,"ocean_post_title_bg_overlay":0.5,"ocean_post_title_bg_overlay_color":"","ocean_disable_breadcrumbs":"default","ocean_breadcrumbs_color":"","ocean_breadcrumbs_separator_color":"","ocean_breadcrumbs_links_color":"","ocean_breadcrumbs_links_hover_color":"","ocean_display_footer_widgets":"default","ocean_display_footer_bottom":"default","ocean_custom_footer_template":"","osh_disable_topbar_sticky":"default","osh_disable_header_sticky":"default","osh_sticky_header_style":"default","osh_sticky_header_effect":"","osh_custom_sticky_logo":0,"osh_custom_retina_sticky_logo":0,"osh_custom_sticky_logo_height":0,"osh_background_color":"","osh_links_color":"","osh_links_hover_color":"","osh_links_active_color":"","osh_links_bg_color":"","osh_links_hover_bg_color":"","osh_links_active_bg_color":"","osh_menu_social_links_color":"","osh_menu_social_hover_links_color":"","footnotes":""},"class_list":["post-1126","page","type-page","status-publish","hentry","entry"],"_links":{"self":[{"href":"https:\/\/termontmetal.si\/de\/wp-json\/wp\/v2\/pages\/1126","targetHints":{"allow":["GET"]}}],"collection":[{"href":"https:\/\/termontmetal.si\/de\/wp-json\/wp\/v2\/pages"}],"about":[{"href":"https:\/\/termontmetal.si\/de\/wp-json\/wp\/v2\/types\/page"}],"author":[{"embeddable":true,"href":"https:\/\/termontmetal.si\/de\/wp-json\/wp\/v2\/users\/3"}],"replies":[{"embeddable":true,"href":"https:\/\/termontmetal.si\/de\/wp-json\/wp\/v2\/comments?post=1126"}],"version-history":[{"count":5,"href":"https:\/\/termontmetal.si\/de\/wp-json\/wp\/v2\/pages\/1126\/revisions"}],"predecessor-version":[{"id":1131,"href":"https:\/\/termontmetal.si\/de\/wp-json\/wp\/v2\/pages\/1126\/revisions\/1131"}],"wp:attachment":[{"href":"https:\/\/termontmetal.si\/de\/wp-json\/wp\/v2\/media?parent=1126"}],"curies":[{"name":"wp","href":"https:\/\/api.w.org\/{rel}","templated":true}]}}